{"id":452,"date":"2022-01-19T15:03:37","date_gmt":"2022-01-19T23:03:37","guid":{"rendered":"https:\/\/www.aptwebstudy.org\/california-notice\/"},"modified":"2022-01-31T19:20:18","modified_gmt":"2022-02-01T03:20:18","slug":"california-notice","status":"publish","type":"page","link":"https:\/\/www.aptwebstudy.org\/es\/california-notice\/","title":{"rendered":"Aviso de California"},"content":{"rendered":"<p>[et_pb_section fb_built=&#8221;1&#8243; _builder_version=&#8221;4.14.6&#8243; _module_preset=&#8221;default&#8221; background_color=&#8221;rgba(122,157,213,0.5)&#8221; use_background_color_gradient=&#8221;on&#8221; background_color_gradient_start=&#8221;#3866af&#8221; background_color_gradient_end=&#8221;#203a63&#8243; custom_margin=&#8221;0px||0px||false|false&#8221; custom_padding=&#8221;0px||0px||false|false&#8221; saved_tabs=&#8221;all&#8221; global_colors_info=&#8221;{}&#8221; global_module=&#8221;170&#8243; theme_builder_area=&#8221;post_content&#8221;][et_pb_row _builder_version=&#8221;4.14.6&#8243; _module_preset=&#8221;default&#8221; global_colors_info=&#8221;{}&#8221; theme_builder_area=&#8221;post_content&#8221;][et_pb_column type=&#8221;4_4&#8243; _builder_version=&#8221;4.14.6&#8243; _module_preset=&#8221;default&#8221; global_colors_info=&#8221;{}&#8221; theme_builder_area=&#8221;post_content&#8221;][et_pb_text _builder_version=&#8221;4.14.6&#8243; _dynamic_attributes=&#8221;content&#8221; _module_preset=&#8221;default&#8221; header_font=&#8221;|700|||||||&#8221; header_text_color=&#8221;#FFFFFF&#8221; header_line_height=&#8221;1.7em&#8221; global_colors_info=&#8221;{}&#8221; theme_builder_area=&#8221;post_content&#8221;]@ET-DC@eyJkeW5hbWljIjp0cnVlLCJjb250ZW50IjoicG9zdF90aXRsZSIsInNldHRpbmdzIjp7ImJlZm9yZSI6IjxoMT4iLCJhZnRlciI6IjwvaDI+In19@[\/et_pb_text][\/et_pb_column][\/et_pb_row][\/et_pb_section][et_pb_section fb_built=&#8221;1&#8243; theme_builder_area=&#8221;post_content&#8221; _builder_version=&#8221;4.14.6&#8243; _module_preset=&#8221;default&#8221; custom_padding=&#8221;0px|||||&#8221;][et_pb_row _builder_version=&#8221;4.14.6&#8243; _module_preset=&#8221;default&#8221; theme_builder_area=&#8221;post_content&#8221;][et_pb_column _builder_version=&#8221;4.14.6&#8243; _module_preset=&#8221;default&#8221; type=&#8221;4_4&#8243; theme_builder_area=&#8221;post_content&#8221;][et_pb_cta title=&#8221;SUS DERECHOS DE PRIVACIDAD DE CALIFORNIA&#8221; _builder_version=&#8221;4.14.6&#8243; _module_preset=&#8221;cf8e8f9a-38d0-4c6e-b3fe-df980be62052&#8243; theme_builder_area=&#8221;post_content&#8221; hover_enabled=&#8221;0&#8243; sticky_enabled=&#8221;0&#8243;]<\/p>\n<h4><span data-preserver-spaces=\"true\">Aviso de privacidad complementario para residentes de California<\/span><\/h4>\n<p><span data-preserver-spaces=\"true\">No proporcionamos, compartimos ni vendemos ninguna informaci\u00f3n a terceros, a menos que se requiera por ley, pero para cumplir con la ley de California conocida como ley &#8220;Shine the Light&#8221; (codificada en el C\u00f3digo Civil de California, secci\u00f3n 1798.83), le brindamos el siguiente aviso complementario:<\/span><\/p>\n<p><span data-preserver-spaces=\"true\">Si usted es residente de California, tiene derecho a solicitar y obtener de nosotros, una vez por a\u00f1o calendario, informaci\u00f3n con respecto a la &#8220;informaci\u00f3n personal&#8221; sobre usted (seg\u00fan se define el t\u00e9rmino en el C\u00f3digo Civil de California, secci\u00f3n 1798.83) que hayamos compartido, en tal caso, con un tercero o para los fines de venta directa de un tercero. La informaci\u00f3n incluir\u00e1 (1) una lista de las categor\u00edas descritas en el C\u00f3digo Civil de California, secci\u00f3n 1798.83(e)(6), que se divulgaron durante el a\u00f1o calendario anterior, en tal caso, y (2) los nombres y las direcciones de todos los terceros con quienes compartimos dicha informaci\u00f3n personal sobre usted durante el a\u00f1o calendario anterior, y si la naturaleza comercial de los terceros no se puede determinar razonablemente a partir del nombre, se incluir\u00e1 una descripci\u00f3n de su naturaleza comercial, o ejemplos de productos y servicios que el tercero vendi\u00f3.<\/span><\/p>\n<p><span data-preserver-spaces=\"true\">Para realizar tal solicitud, comun\u00edquese con la Keck School of Medicine de la USC, Alzheimer&#8217;s Therapeutic Research Institute, por correo electr\u00f3nico a <\/span><a target=\"_blank\" href=\"mailto:info@aptwebstudy.org\" class=\"editor-rtfLink\" rel=\"noopener\"><span data-preserver-spaces=\"true\">info@aptwebstudy.org<\/span><\/a><span data-preserver-spaces=\"true\">, e incluya en el asunto &#8220;Request for California Privacy Information&#8221; (Solicitud de informaci\u00f3n de privacidad de California). Le enviaremos la informaci\u00f3n solicitada a su direcci\u00f3n de correo electr\u00f3nico. Tambi\u00e9n puede ponerse en contacto con nosotros a nuestra direcci\u00f3n o por tel\u00e9fono: 9860 Mesa Rim Road, San Diego, California 92121, tel\u00e9fono: 1-858-877-3135.<\/span><\/p>\n<p>[\/et_pb_cta][\/et_pb_column][\/et_pb_row][\/et_pb_section]<\/p>\n","protected":false},"excerpt":{"rendered":"<p>Aviso de privacidad complementario para residentes de California No proporcionamos, compartimos ni vendemos ninguna informaci\u00f3n a terceros, a menos que se requiera por ley, pero para cumplir con la ley de California conocida como ley &#8220;Shine the Light&#8221; (codificada en el C\u00f3digo Civil de California, secci\u00f3n 1798.83), le brindamos el siguiente aviso complementario: Si usted [&hellip;]<\/p>\n","protected":false},"author":4,"featured_media":0,"parent":0,"menu_order":0,"comment_status":"closed","ping_status":"closed","template":"","meta":{"_et_pb_use_builder":"on","_et_pb_old_content":"","_et_gb_content_width":"","inline_featured_image":false,"footnotes":""},"class_list":["post-452","page","type-page","status-publish","hentry"],"_links":{"self":[{"href":"https:\/\/www.aptwebstudy.org\/es\/wp-json\/wp\/v2\/pages\/452","targetHints":{"allow":["GET"]}}],"collection":[{"href":"https:\/\/www.aptwebstudy.org\/es\/wp-json\/wp\/v2\/pages"}],"about":[{"href":"https:\/\/www.aptwebstudy.org\/es\/wp-json\/wp\/v2\/types\/page"}],"author":[{"embeddable":true,"href":"https:\/\/www.aptwebstudy.org\/es\/wp-json\/wp\/v2\/users\/4"}],"replies":[{"embeddable":true,"href":"https:\/\/www.aptwebstudy.org\/es\/wp-json\/wp\/v2\/comments?post=452"}],"version-history":[{"count":0,"href":"https:\/\/www.aptwebstudy.org\/es\/wp-json\/wp\/v2\/pages\/452\/revisions"}],"wp:attachment":[{"href":"https:\/\/www.aptwebstudy.org\/es\/wp-json\/wp\/v2\/media?parent=452"}],"curies":[{"name":"wp","href":"https:\/\/api.w.org\/{rel}","templated":true}]}}