{"id":273,"date":"2022-01-19T15:00:30","date_gmt":"2022-01-19T23:00:30","guid":{"rendered":"https:\/\/www.aptwebstudy.org\/home-page-spanish-test\/"},"modified":"2026-03-31T14:45:13","modified_gmt":"2026-03-31T21:45:13","slug":"home-page-spanish-test","status":"publish","type":"page","link":"https:\/\/www.aptwebstudy.org\/es\/","title":{"rendered":"Inicio"},"content":{"rendered":"<p>[et_pb_section fb_built=&#8221;1&#8243; _builder_version=&#8221;4.16&#8243; _module_preset=&#8221;default&#8221; custom_margin=&#8221;0px||0px||true|false&#8221; custom_padding=&#8221;0px||0px||true|false&#8221; global_colors_info=&#8221;{}&#8221;][et_pb_row column_structure=&#8221;2_3,1_3&#8243; use_custom_gutter=&#8221;on&#8221; gutter_width=&#8221;1&#8243; make_equal=&#8221;on&#8221; _builder_version=&#8221;4.16&#8243; _module_preset=&#8221;default&#8221; width=&#8221;100%&#8221; custom_margin=&#8221;0px||0px||true|false&#8221; custom_padding=&#8221;0px||0px||true|false&#8221; custom_css_main_element=&#8221;min-height: min(33vw, 480px);&#8221; global_colors_info=&#8221;{}&#8221;][et_pb_column type=&#8221;2_3&#8243; _builder_version=&#8221;4.16&#8243; _module_preset=&#8221;default&#8221; background_image=&#8221;https:\/\/live-atri-apt-study-website.pantheonsite.io\/wp-content\/uploads\/2022\/01\/iStock-1278361078-edit-1.jpg&#8221; global_colors_info=&#8221;{}&#8221;][et_pb_cta title=&#8221;El Estudio Web para Ensayos para la Prevenci\u00f3n del Alzheimer (APT) &#8221; module_class=&#8221;home-hero&#8221; _builder_version=&#8221;4.16&#8243; _module_preset=&#8221;default&#8221; header_level=&#8221;h1&#8243; header_font=&#8221;|800|||||||&#8221; header_text_color=&#8221;#203a63&#8243; header_font_size=&#8221;25px&#8221; body_font=&#8221;|800|||||||&#8221; body_text_color=&#8221;#203a63&#8243; body_font_size=&#8221;18px&#8221; text_orientation=&#8221;left&#8221; width=&#8221;90%&#8221; max_width=&#8221;60%&#8221; max_width_tablet=&#8221;60%&#8221; max_width_phone=&#8221;90%&#8221; max_width_last_edited=&#8221;on|phone&#8221; module_alignment=&#8221;left&#8221; custom_padding=&#8221;50px|60px|0px|60px|false|true&#8221; custom_padding_tablet=&#8221;30px|60px|0px|60px|false|true&#8221; custom_padding_phone=&#8221;|20px||20px|false|true&#8221; custom_padding_last_edited=&#8221;on|phone&#8221; header_font_tablet=&#8221;|800|||||||&#8221; header_font_phone=&#8221;|700|||||||&#8221; header_font_last_edited=&#8221;on|phone&#8221; body_font_tablet=&#8221;|800|||||||&#8221; body_font_phone=&#8221;|700|||||||&#8221; body_font_last_edited=&#8221;on|phone&#8221; module_alignment_tablet=&#8221;left&#8221; module_alignment_phone=&#8221;left&#8221; module_alignment_last_edited=&#8221;on|desktop&#8221; global_colors_info=&#8221;{}&#8221;]<\/p>\n<p>El Estudio Web APT ayuda a las personas de 50 a\u00f1os de edad o m\u00e1s a monitorear los cambios de memoria con una serie de evaluaciones en l\u00ednea, sin costo alguno, que solo toman 20 minutos cada tres y seis meses.<\/p>\n<p>[\/et_pb_cta][et_pb_button button_url=&#8221;https:\/\/app.aptwebstudy.org\/en\/accounts\/signup\/&#8221; button_text=&#8221;Reg\u00edstrese&#8221; button_alignment_tablet=&#8221;left&#8221; button_alignment_phone=&#8221;left&#8221; button_alignment_last_edited=&#8221;on|phone&#8221; _builder_version=&#8221;4.16&#8243; _module_preset=&#8221;default&#8221; button_bg_color=&#8221;#3B71B9&#8243; custom_margin=&#8221;||50px|60px|false|false&#8221; custom_margin_tablet=&#8221;||50px|60px|false|false&#8221; custom_margin_phone=&#8221;||50px|20px|false|false&#8221; custom_margin_last_edited=&#8221;on|phone&#8221; button_text_size_tablet=&#8221;&#8221; button_text_size_phone=&#8221;22px&#8221; button_text_size_last_edited=&#8221;on|phone&#8221; global_colors_info=&#8221;{}&#8221; button_bg_color__hover_enabled=&#8221;on|hover&#8221; button_bg_color__hover=&#8221;#5DB85C&#8221; button_bg_enable_color__hover=&#8221;on&#8221;][\/et_pb_button][\/et_pb_column][et_pb_column type=&#8221;1_3&#8243; _builder_version=&#8221;4.16&#8243; _module_preset=&#8221;default&#8221; background_image=&#8221;https:\/\/live-atri-apt-study-website.pantheonsite.io\/wp-content\/uploads\/2022\/01\/iStock-1267195025-1.jpg&#8221; global_colors_info=&#8221;{}&#8221;][\/et_pb_column][\/et_pb_row][et_pb_row column_structure=&#8221;1_3,1_3,1_3&#8243; use_custom_gutter=&#8221;on&#8221; gutter_width=&#8221;1&#8243; make_equal=&#8221;on&#8221; module_class=&#8221;focus-light&#8221; _builder_version=&#8221;4.19.4&#8243; _module_preset=&#8221;default&#8221; use_background_color_gradient=&#8221;on&#8221; background_color_gradient_stops=&#8221;#3866af 0%|#203a63 100%&#8221; background_color_gradient_start=&#8221;#3866af&#8221; background_color_gradient_end=&#8221;#203a63&#8243; width=&#8221;100%&#8221; custom_margin=&#8221;0px||0px||true|false&#8221; custom_padding=&#8221;0px||0px||true|false&#8221; custom_css_main_element=&#8221;min-height: min(25vw, 380px);&#8221; global_colors_info=&#8221;{}&#8221;][et_pb_column type=&#8221;1_3&#8243; _builder_version=&#8221;4.19.4&#8243; _module_preset=&#8221;default&#8221; background_color=&#8221;rgba(122,157,213,0.3)&#8221; background_enable_image=&#8221;off&#8221; background_position=&#8221;center_right&#8221; custom_padding=&#8221;50px|50px|50px|50px|true|true&#8221; global_colors_info=&#8221;{}&#8221;][et_pb_text module_class=&#8221;homeblurb&#8221; _builder_version=&#8221;4.19.4&#8243; _module_preset=&#8221;default&#8221; text_font=&#8221;|700|||||||&#8221; text_text_color=&#8221;#FFFFFF&#8221; text_font_size=&#8221;30px&#8221; link_text_color=&#8221;#FFFFFF&#8221; text_orientation=&#8221;center&#8221; global_colors_info=&#8221;{}&#8221;]<a href=\"https:\/\/www.aptwebstudy.org\/es\/acerca-del-estudio-web\/#webstudy\"><br \/>\n<img loading=\"lazy\" decoding=\"async\" src=\"\/wp-content\/uploads\/2022\/01\/APT.svg\" width=\"300\" height=\"300\" alt=\"APT Icon\" class=\"wp-image-81 alignnone size-medium\"><br \/>\n\u00bfQu\u00e9 es el Estudio Web APT?<\/a>[\/et_pb_text][\/et_pb_column][et_pb_column type=&#8221;1_3&#8243; _builder_version=&#8221;4.19.4&#8243; _module_preset=&#8221;default&#8221; background_color=&#8221;rgba(122,157,213,0.15)&#8221; background_enable_image=&#8221;off&#8221; background_position=&#8221;center_right&#8221; custom_padding=&#8221;50px|50px|50px|50px|true|true&#8221; global_colors_info=&#8221;{}&#8221;][et_pb_text module_class=&#8221;homeblurb&#8221; _builder_version=&#8221;4.19.4&#8243; _module_preset=&#8221;default&#8221; text_font=&#8221;|700|||||||&#8221; text_text_color=&#8221;#FFFFFF&#8221; text_font_size=&#8221;30px&#8221; link_text_color=&#8221;#FFFFFF&#8221; text_orientation=&#8221;center&#8221; global_colors_info=&#8221;{}&#8221;]<a href=\"https:\/\/www.aptwebstudy.org\/es\/acerca-del-estudio-web\/#eligible\"><br \/>\n<img loading=\"lazy\" decoding=\"async\" src=\"\/wp-content\/uploads\/2022\/01\/Eligible.svg\" width=\"300\" height=\"300\" alt=\"APT Icon\" class=\"wp-image-81 alignnone size-medium\" style=\"padding: 20px 0;\"><br \/>\n\u00bfSoy elegible?<\/p>\n<p><\/a>[\/et_pb_text][\/et_pb_column][et_pb_column type=&#8221;1_3&#8243; _builder_version=&#8221;4.19.4&#8243; _module_preset=&#8221;default&#8221; background_enable_color=&#8221;off&#8221; background_enable_image=&#8221;off&#8221; background_position=&#8221;center_right&#8221; custom_padding=&#8221;50px|50px|50px|50px|true|true&#8221; global_colors_info=&#8221;{}&#8221;][et_pb_text module_class=&#8221;homeblurb&#8221; _builder_version=&#8221;4.19.4&#8243; _module_preset=&#8221;default&#8221; text_font=&#8221;|700|||||||&#8221; text_text_color=&#8221;#FFFFFF&#8221; text_font_size=&#8221;30px&#8221; link_text_color=&#8221;#FFFFFF&#8221; text_orientation=&#8221;center&#8221; global_colors_info=&#8221;{}&#8221;]<a href=\"https:\/\/www.aptwebstudy.org\/es\/acerca-del-estudio-web\/#participate\"><br \/>\n<img loading=\"lazy\" decoding=\"async\" src=\"\/wp-content\/uploads\/2022\/01\/Participate.svg\" width=\"300\" height=\"300\" alt=\"APT Icon\" class=\"wp-image-81 alignnone size-medium\"><br \/>\n<span style=\"width: 100px;\">\u00bfC\u00f3mo participo?<br \/>\n<\/span><\/a>[\/et_pb_text][\/et_pb_column][\/et_pb_row][et_pb_row use_custom_gutter=&#8221;on&#8221; gutter_width=&#8221;1&#8243; make_equal=&#8221;on&#8221; custom_padding_last_edited=&#8221;on|phone&#8221; _builder_version=&#8221;4.16&#8243; _module_preset=&#8221;default&#8221; background_image=&#8221;https:\/\/live-atri-apt-study-website.pantheonsite.io\/wp-content\/uploads\/2022\/01\/iStock-1283496530-edit-1.png&#8221; width=&#8221;100%&#8221; custom_margin=&#8221;0px||0px||true|false&#8221; custom_padding=&#8221;70px|100px|70px|100px|true|true&#8221; custom_padding_tablet=&#8221;|50px||50px|true|true&#8221; custom_padding_phone=&#8221;70px|15px|70px|15px|true|true&#8221; custom_css_main_element=&#8221;min-height: min(33vw, 480px);&#8221; global_colors_info=&#8221;{}&#8221;][et_pb_column type=&#8221;4_4&#8243; _builder_version=&#8221;4.16&#8243; _module_preset=&#8221;default&#8221; background_enable_image=&#8221;off&#8221; background_position=&#8221;center_right&#8221; custom_css_main_element=&#8221;max-width: 50%;||margin-left: auto;||float: right;&#8221; global_colors_info=&#8221;{}&#8221; custom_css_main_element_last_edited=&#8221;on|phone&#8221; custom_css_main_element_phone=&#8221;max-width:100%;||float:left;||&#8221; custom_css_main_element_tablet=&#8221;max-width: 50%;||margin-left: auto;||float: right;&#8221;][et_pb_text _builder_version=&#8221;4.19.4&#8243; _module_preset=&#8221;default&#8221; text_font=&#8221;|800|||||||&#8221; text_text_color=&#8221;#313131&#8243; text_font_size=&#8221;34px&#8221; text_line_height=&#8221;1.17em&#8221; text_orientation=&#8221;center&#8221; width=&#8221;100%&#8221; module_alignment=&#8221;right&#8221; custom_margin=&#8221;||50px||false|false&#8221; custom_padding=&#8221;|||0px||&#8221; text_font_size_tablet=&#8221;34px&#8221; text_font_size_phone=&#8221;25px&#8221; text_font_size_last_edited=&#8221;on|phone&#8221; header_font_size_tablet=&#8221;&#8221; header_font_size_phone=&#8221;36px&#8221; header_font_size_last_edited=&#8221;on|phone&#8221; global_colors_info=&#8221;{}&#8221;]<\/p>\n<p style=\"text-align: left;\">Monitoree su memoria con herramientas personalizadas y basadas en la web, y obtenga informaci\u00f3n sobre la salud de su cerebro.<\/p>\n<p>[\/et_pb_text][et_pb_button button_url=&#8221;https:\/\/app.aptwebstudy.org\/en\/accounts\/signup\/&#8221; button_text=&#8221;\u00a1Reg\u00edstrese hoy mismo!&#8221; button_alignment_tablet=&#8221;center&#8221; button_alignment_phone=&#8221;center&#8221; button_alignment_last_edited=&#8221;on|tablet&#8221; _builder_version=&#8221;4.19.4&#8243; _module_preset=&#8221;default&#8221; custom_margin=&#8221;|1px||||&#8221; button_text_size_tablet=&#8221;&#8221; button_text_size_phone=&#8221;22px&#8221; button_text_size_last_edited=&#8221;on|phone&#8221; global_colors_info=&#8221;{}&#8221;][\/et_pb_button][\/et_pb_column][\/et_pb_row][\/et_pb_section][et_pb_section fb_built=&#8221;1&#8243; _builder_version=&#8221;4.16&#8243; _module_preset=&#8221;default&#8221; custom_padding=&#8221;40px||90px||false|false&#8221; global_colors_info=&#8221;{}&#8221;][et_pb_row column_structure=&#8221;1_3,1_3,1_3&#8243; make_equal=&#8221;on&#8221; _builder_version=&#8221;4.16&#8243; _module_preset=&#8221;default&#8221; custom_padding=&#8221;||20px||false|false&#8221; global_colors_info=&#8221;{}&#8221;][et_pb_column type=&#8221;1_3&#8243; module_class=&#8221;v-align&#8221; _builder_version=&#8221;4.16&#8243; _module_preset=&#8221;default&#8221; global_colors_info=&#8221;{}&#8221;][et_pb_image src=&#8221;https:\/\/www.aptwebstudy.org\/wp-content\/uploads\/2023\/10\/bh_bwh_pms_293.png&#8221; alt=&#8221;Brigham Health Brigham and Women&#8217;s Hospital Logotipo&#8221; title_text=&#8221;brighamhealth_logo&#8221; align=&#8221;center&#8221; _builder_version=&#8221;4.22.1&#8243; _module_preset=&#8221;default&#8221; max_width=&#8221;300px&#8221; global_colors_info=&#8221;{}&#8221;][\/et_pb_image][\/et_pb_column][et_pb_column type=&#8221;1_3&#8243; module_class=&#8221;v-align&#8221; _builder_version=&#8221;4.16&#8243; _module_preset=&#8221;default&#8221; global_colors_info=&#8221;{}&#8221;][et_pb_image src=&#8221;https:\/\/www.aptwebstudy.org\/wp-content\/uploads\/2023\/10\/ATRI_Logo_RGB-600.png&#8221; alt=&#8221;Keck School of Medicine of USC Alzheimer&#8217;s Therapeutic Research Institute Logotipo&#8221; title_text=&#8221;atri&#8221; align=&#8221;center&#8221; _builder_version=&#8221;4.22.1&#8243; _module_preset=&#8221;default&#8221; max_width=&#8221;260px&#8221; global_colors_info=&#8221;{}&#8221;][\/et_pb_image][\/et_pb_column][et_pb_column type=&#8221;1_3&#8243; module_class=&#8221;v-align&#8221; _builder_version=&#8221;4.16&#8243; _module_preset=&#8221;default&#8221; global_colors_info=&#8221;{}&#8221;][et_pb_image src=&#8221;https:\/\/live-atri-apt-study-website.pantheonsite.io\/wp-content\/uploads\/2022\/01\/logo-ccf.svg&#8221; alt=&#8221;Cleveland Clinic&#8221; title_text=&#8221;logo-ccf&#8221; align=&#8221;center&#8221; _builder_version=&#8221;4.16&#8243; _module_preset=&#8221;default&#8221; global_colors_info=&#8221;{}&#8221;][\/et_pb_image][\/et_pb_column][\/et_pb_row][\/et_pb_section]<\/p>\n","protected":false},"excerpt":{"rendered":"<p>El Estudio Web APT monitorea voluntarios de 50 a\u00f1os de edad o m\u00e1s para detectar cambios en la memoria a trav\u00e9s de una serie de pruebas de memoria sin costo, cada tres meses.<\/p>\n","protected":false},"author":4,"featured_media":0,"parent":0,"menu_order":0,"comment_status":"closed","ping_status":"closed","template":"","meta":{"_et_pb_use_builder":"on","_et_pb_old_content":"","_et_gb_content_width":"","inline_featured_image":false,"footnotes":""},"class_list":["post-273","page","type-page","status-publish","hentry"],"_links":{"self":[{"href":"https:\/\/www.aptwebstudy.org\/es\/wp-json\/wp\/v2\/pages\/273","targetHints":{"allow":["GET"]}}],"collection":[{"href":"https:\/\/www.aptwebstudy.org\/es\/wp-json\/wp\/v2\/pages"}],"about":[{"href":"https:\/\/www.aptwebstudy.org\/es\/wp-json\/wp\/v2\/types\/page"}],"author":[{"embeddable":true,"href":"https:\/\/www.aptwebstudy.org\/es\/wp-json\/wp\/v2\/users\/4"}],"replies":[{"embeddable":true,"href":"https:\/\/www.aptwebstudy.org\/es\/wp-json\/wp\/v2\/comments?post=273"}],"version-history":[{"count":3,"href":"https:\/\/www.aptwebstudy.org\/es\/wp-json\/wp\/v2\/pages\/273\/revisions"}],"predecessor-version":[{"id":1746,"href":"https:\/\/www.aptwebstudy.org\/es\/wp-json\/wp\/v2\/pages\/273\/revisions\/1746"}],"wp:attachment":[{"href":"https:\/\/www.aptwebstudy.org\/es\/wp-json\/wp\/v2\/media?parent=273"}],"curies":[{"name":"wp","href":"https:\/\/api.w.org\/{rel}","templated":true}]}}